{"id":382,"date":"2024-01-29T19:05:45","date_gmt":"2024-01-29T18:05:45","guid":{"rendered":"https:\/\/casaruralpraderas.es\/?page_id=382"},"modified":"2026-01-28T16:10:36","modified_gmt":"2026-01-28T15:10:36","slug":"terminos-y-condiciones","status":"publish","type":"page","link":"https:\/\/casaruralpraderas.es\/en\/terminos-y-condiciones\/","title":{"rendered":"Terms and Conditions"},"content":{"rendered":"<p>[et_pb_section fb_built=&#8221;1&#8243; _builder_version=&#8221;4.16&#8243; global_colors_info=&#8221;{}&#8221;][et_pb_row _builder_version=&#8221;4.16&#8243; background_size=&#8221;initial&#8221; background_position=&#8221;top_left&#8221; background_repeat=&#8221;repeat&#8221; global_colors_info=&#8221;{}&#8221;][et_pb_column type=&#8221;4_4&#8243; _builder_version=&#8221;4.16&#8243; custom_padding=&#8221;|||&#8221; global_colors_info=&#8221;{}&#8221; custom_padding__hover=&#8221;|||&#8221;][et_pb_text _builder_version=&#8221;4.16&#8243; header_font=&#8221;||||||||&#8221; header_2_font=&#8221;||||||||&#8221; header_2_font_size=&#8221;22px&#8221; header_2_line_height=&#8221;2em&#8221; header_3_font=&#8221;||||||||&#8221; header_3_line_height=&#8221;1.9em&#8221; background_color=&#8221;#e02b20&#8243; background_layout=&#8221;dark&#8221; global_colors_info=&#8221;{}&#8221;]<\/p>\n<h2 style=\"padding-left: 30px;\">CONDICIONES GENERALES DE CONTRATACION<\/h2>\n<p>[\/et_pb_text][et_pb_text _builder_version=&#8221;4.25.1&#8243; header_font=&#8221;||||||||&#8221; header_font_size=&#8221;28px&#8221; header_3_font=&#8221;||||||||&#8221; header_3_line_height=&#8221;1.9em&#8221; saved_tabs=&#8221;all&#8221; global_colors_info=&#8221;{}&#8221;]<\/p>\n<p><strong>\u00a0 https:\/\/casaruralpraderas.es (en adelante, la Web) es un sitio web propiedad de\u00a0<\/strong><\/p>\n<p>Identidad: <strong>EVENTOS MONASTERIO LA REAL, SL<br \/><\/strong>CIF\/NIF Titular:<strong>\u00a0B86691789<br \/><\/strong>Delegado\/Contacto DPD:\u00a0<strong>EVENTOS MONASTERIO LA REAL, SL<br \/><\/strong>Tel\u00e9fono de contacto: <a href=\"tel:910123566\">910 123 566<\/a><strong><br \/><\/strong>Direcci\u00f3n: Tr.\u00aa de las Praderas, 8<br \/>Poblaci\u00f3n:<strong> 28680 | San Mart\u00edn de Valdeiglesias Madrid<\/strong><br \/>Provincia: <strong>MADRID<\/strong><br \/>Correo electr\u00f3nico: <a href=\"mailto:praderaspelayos@gmail.com\"><strong>praderaspelayos@gmail.com<\/strong><\/a><\/p>\n<p>El acceso, reproducci\u00f3n y uso de los servicios de la Web requiere la aceptaci\u00f3n previa de las Condiciones de Uso vigentes en cada momento; EL PROPIETARIO se reserva el derecho de modificar dichas Condiciones cuando lo considere oportuno, mediante la publicaci\u00f3n del nuevo texto en la Web.<\/p>\n<p>Es responsabilidad del usuario conocer las Condiciones de Uso antes de acceder a los productos y servicios de la Web.\u00a0 En caso de no estar conforme con las mismas, le rogamos, se abstenga de utilizarla.<\/p>\n<p>&nbsp;<\/p>\n<p><span style=\"color: #333333; font-size: 22px;\">PROPIEDAD<\/span><\/p>\n<p>La Web es una obra compuesta de diversos elementos integrados e inseparables (texto, ilustraciones, fotograf\u00edas, im\u00e1genes animadas, v\u00eddeos, programas de ordenador, incluidos los c\u00f3digos html del sitio web, etc.), cuya Propiedad Intelectual le corresponde a EL PROPIETARIO, salvo en lo referente a aquellos materiales obtenidos bajo licencia de terceros.<\/p>\n<p>EL PROPIETARIO y sus licenciantes retienen en todo momento la Propiedad Intelectual sobre la Web y sobre los distintos elementos que la componen, individualmente considerados, en todas las copias que se realicen (cualquiera que sea el soporte al que se incorporen), concediendo sobre los mismos \u00fanicamente los derechos de uso que m\u00e1s adelante se describen. Cualquier derecho que no sea expresamente cedido se entiende reservado.<\/p>\n<p>Adem\u00e1s de lo anterior, EL PROPIETARIO es responsable de la selecci\u00f3n, dise\u00f1o de la estructura y disposici\u00f3n de los contenidos de la Web, as\u00ed como quien ha tomado la iniciativa y asumido el riesgo de efectuar las inversiones sustanciales orientadas a la obtenci\u00f3n, digitalizaci\u00f3n y presentaci\u00f3n de la misma, correspondi\u00e9ndole, por tanto, la protecci\u00f3n que el art\u00edculo 12 y el T\u00edtulo VIII del Libro II de la Ley de Propiedad Intelectual pueda conceder sobre el sitio web, considerado como una base de datos.<\/p>\n<p>EL PROPIETARIO es tambi\u00e9n el \u00fanico due\u00f1o del dise\u00f1o e imagen gr\u00e1fica de la Web, reserv\u00e1ndose las acciones legales pertinentes que le pudieran corresponder contra las personas que realicen imitaciones o usos desleales del mismo.<\/p>\n<p>&nbsp;<\/p>\n<h3>CONTENIDOS WEB Y DESCARGAS. USOS PERMITIDOS Y PROHIBIDOS.<\/h3>\n<h3>Est\u00e1 permitida:<\/h3>\n<ul>\n<li><span style=\"font-size: 14px;\">La navegaci\u00f3n por la Web, es decir, el acceso y visualizaci\u00f3n de la misma en un dispositivo, quedando\u00a0<\/span><span style=\"font-size: 14px;\">autorizada cualquier reproducci\u00f3n temporal o accesoria, siempre que la misma no sea voluntaria y\u00a0<\/span><span style=\"font-size: 14px;\">forme parte integrante y esencial del proceso tecnol\u00f3gico de transmisi\u00f3n. La navegaci\u00f3n por\u00a0<\/span><span style=\"font-size: 14px;\">determinadas secciones de la Web requieren el previo registro.<\/span><\/li>\n<li>Beneficiarse (previo registro), de los servicios y ventajas prestados por EL PROPIETARIO a trav\u00e9s de la Web a sus usuarios, en las condiciones que se se\u00f1alen expresamente en las distintas secciones.<\/li>\n<\/ul>\n<h3>Queda terminantemente prohibido:<\/h3>\n<ul>\n<li>Cualesquiera operaciones respecto de la Web, sus contenidos, los productos descargados y las copias de todos ellos que sean contrarias a la Ley, las buenas costumbres y la buena fe.<\/li>\n<li>Cualquier utilizaci\u00f3n fuera del \u00e1mbito personal y privado, especialmente aquellas que tengan fines comerciales o profesionales, incluido el env\u00edo de publicidad o mensajes y la recopilaci\u00f3n y tratamiento de datos de terceros.<\/li>\n<li>Cualquier tipo de extracci\u00f3n, comunicaci\u00f3n p\u00fablica y\/o transmisi\u00f3n, total o parcial, por cualquier medio, fuera del \u00e1mbito privado de uso permitido y, especialmente, su incorporaci\u00f3n a cualquier otra obra, incluidas p\u00e1ginas web, colecciones o bases de datos. Se except\u00faa de esta prohibici\u00f3n la publicaci\u00f3n en<br \/>medios de comunicaci\u00f3n de los materiales susceptibles de descarga de la secci\u00f3n Sala de Prensa.<\/li>\n<li>La remoci\u00f3n, ocultaci\u00f3n o falseamiento de los avisos y advertencias sobre la Propiedad Intelectual o Industrial de la Web o de cualquiera de los productos facilitados a trav\u00e9s de la misma.<\/li>\n<li>Las operaciones y actividades expresamente prohibidas en cualesquiera otras secciones de estas Condiciones Generales y, en general, cualquiera que pueda perjudicar el normal funcionamiento de la Web, a otros usuarios o a cualquier tercero.<\/li>\n<\/ul>\n<p>&nbsp;<\/p>\n<h3>LINKS A LA WEB<\/h3>\n<p>Queda autorizado el establecimiento de v\u00ednculos e hiperv\u00ednculos con la Web desde otras p\u00e1ginas o sitios web, siempre\u00a0que los mismos no se hagan de forma que perjudique la imagen p\u00fablica y de marca de EL PROPIETARIO, de la Web o\u00a0de cualquiera de las personas y productos a que se haga referencia en la misma. En el establecimiento de v\u00ednculos con\u00a0la Web queda expresamente prohibida la utilizaci\u00f3n de t\u00e9cnicas que impliquen confusi\u00f3n sobre la identidad y propiedad\u00a0de los contenidos, tales como el framing u otras.<\/p>\n<p>Queda prohibido el establecimiento de v\u00ednculos desde p\u00e1ginas o sitios web cuyos contenidos promocionen o hagan\u00a0apolog\u00eda, directa o indirectamente, de cualquier tipo de violencia, discriminaci\u00f3n, pornograf\u00eda o actividad ilegal.\u00a0Asimismo, queda expresamente prohibido el establecimiento de links con fines mercantiles.<\/p>\n<p>En la creaci\u00f3n de los v\u00ednculos queda expresamente prohibida la utilizaci\u00f3n de elementos extra\u00eddos de la Web, sin el\u00a0consentimiento previo y expreso de EL PROPIETARIO.<\/p>\n<p>En ning\u00fan caso podr\u00e1 entenderse que los v\u00ednculos a la Web desde p\u00e1ginas o sitios web de terceros implican relaciones\u00a0de EL PROPIETARIO con los titulares de \u00e9stos, ni implica respaldo, patrocinio o recomendaci\u00f3n alguna de EL\u00a0PROPIETARIO sobre los mismos, por lo que EL PROPIETARIO no ser\u00e1 responsable en absoluto respecto de su\u00a0contenido y licitud.<\/p>\n<h3>CONTENIDOS Y COMPORTAMIENTO DEL USUARIO.<\/h3>\n<p>Como cliente o usuario de la Web, Ud. se compromete a hacer un uso adecuado de los contenidos y servicios ofrecidos\u00a0a trav\u00e9s de la misma y a no emplearlos para:<\/p>\n<ol>\n<li>Incurrir en actividades il\u00edcitas, ilegales o contrarias a la buena fe y al orden p\u00fablico.<br \/>2. Difundir contenidos o propaganda de car\u00e1cter racista, xen\u00f3fobo, pornogr\u00e1fico, que haga apolog\u00eda del\u00a0terrorismo o que atente contra los derechos humanos.<br \/>3. Provocar da\u00f1os en los sistemas f\u00edsicos y l\u00f3gicos de EL PROPIETARIO, de sus proveedores o de\u00a0terceras personas; Introducir o difundir en la red virus inform\u00e1ticos o cualesquiera otros sistemas\u00a0f\u00edsicos o l\u00f3gicos que sean susceptibles de provocar los da\u00f1os anteriormente mencionados.<br \/>4. Difundir contenidos que atenten contra la imagen y reputaci\u00f3n de EL PROPIETARIO o de terceros.<br \/>5. Atentar contra los derechos de Propiedad Intelectual, Industrial, de imagen, honor u otros que\u00a0correspondan a EL PROPIETARIO o a terceros.<\/li>\n<\/ol>\n<p>EL PROPIETARIO tendr\u00e1 plena libertad de decisi\u00f3n sobre si las colaboraciones y mensajes son finalmente publicadas\u00a0en la Web o no, quedando facultada para retirarlos cuando estime oportuno.<\/p>\n<p>La infracci\u00f3n de cualquiera de las normas contenidas en estas Condiciones de uso y muy especialmente, de lo previsto\u00a0en la presente cl\u00e1usula, facultar\u00e1n a EL PROPIETARIO para darle de baja de forma inmediata como usuario o\u00a0suscriptor de la Web.<\/p>\n<p>Los usuarios que realicen reservas en esta web aceptan plenamente las presentes CGC y quedaran vinculados por estas, tal y como si fueran escritas en el momento de contrataci\u00f3n.<\/p>\n<p>Ser\u00e1 requisito indispensable la lectura y la aceptaci\u00f3n de las CGC, con car\u00e1cter previo a la compra de cualquier producto.<\/p>\n<p><span style=\"font-size: 14px;\">Casa rural Praderas se reserva el derecho de modificar las CGC en cualquier momento y sin previo aviso. Las CGC estar\u00e1n siempre accesibles a partir del sitio web, para que el usuario pueda consultarlas o imprimirlas en cualquier momento.<\/span><\/p>\n<p>Los precios y condiciones de reserva tienen un car\u00e1cter meramente informativo y pueden ser modificados en atenci\u00f3n a las fluctuaciones del mercado. No obstante, la realizaci\u00f3n del pagos mediante la cumplimentaci\u00f3n del formulario de reserva, implica la conformidad con el precio ofertado y con las condiciones generales vigentes en ese concreto momento. Una vez formalizado, se entender\u00e1 perfeccionada la reserva de pleno derecho, con todas las garant\u00edas legales que amparan al consumidor adquirente y, desde ese instante, los precios y condiciones tendr\u00e1n car\u00e1cter contractual y no podr\u00e1n ser modificados sin el expreso acuerdo de ambos contratantes. El castellano ser\u00e1 la lengua utilizada para formalizar el contrato. El documento electr\u00f3nico en que se formalice el contrato se archivar\u00e1 y el usuario tendr\u00e1 acceso a \u00e9l mediante correo electr\u00f3nico, en la web o realizando una solicitud de datos a trav\u00e9s de los datos provistos en este documento.<\/p>\n<h3>FORMAS DE PAGO.<\/h3>\n<ul>\n<li>TARGETA DE DEBITO O CREDITO.<\/li>\n<\/ul>\n<h3>DESISTIMIENTO<\/h3>\n<p>A estos efectos, Casa rural Praderas informa que el Texto Refundido de la Ley General para la Defensa de los Consumidores y Usuarios (TRLGDCU) establece varias opciones para poder ejercer el derecho de desistimiento. Entre ellas contempla la posibilidad de hacerlo rellenando un formulario de forma telem\u00e1tica. Con el fin de acortar los tiempos y de que pueda realizar la devoluci\u00f3n de una forma c\u00f3moda y sin demoras, desde Casa rural Praderas le aconsejamos que haga uso de esa opci\u00f3n y rellene el formulario de desistimiento que se le facilitar\u00e1 a la formalizaci\u00f3n de su solicitud, accediendo con su usuario y contrase\u00f1a.<\/p>\n<p>El reembolso de todos los pagos recibidos por la reserva se realizar\u00e1 dentro de los 10 d\u00edas naturales siguientes al desistimiento. El reembolso ser\u00e1 procesado a trav\u00e9s del mismo medio de pago empleado por el cliente para la transacci\u00f3n inicial.<\/p>\n<p>Para gestionar cualquier tipo de devoluci\u00f3n el cliente tambi\u00e9n puede ponerse en contacto con nosotros por medio del correo electr\u00f3nico <a href=\"mailto:praderaspelayos@gmail.com\">praderaspelayos@gmail.com<\/a> o bien a trav\u00e9s del tel\u00e9fono <a href=\"tel:910123566\">910 123 566<\/a><br \/>__________________________________________________<br \/>El cliente deber\u00e1 indicarnos el n\u00famero de reserva y le diremos exactamente todos los pasos a seguir.<br \/>Le informamos tambi\u00e9n de que no aceptaremos cancelaciones que no hayan sido previamente comunicados por las v\u00edas indicadas.<\/p>\n<h3>Informaci\u00f3n adicional<\/h3>\n<p>Todos los precios van exentos de IVA.<br \/>Le informamos que las tarifas pueden ser modificada o cancelada sin coste hasta 5 d\u00eda\/s antes de la llegada al establecimiento. Si cancela despu\u00e9s de este plazo o no llega al establecimiento, no tendr\u00e1 la opci\u00f3n de devoluci\u00f3n del importe. Nos puede notificar la cancelaci\u00f3n en\u00a0reservas@casaruralpraderas.es\u00a0o directamente en el portal de reservas en caso de haber reservado por dicho canal.<br \/>El apartamento est\u00e1 disponible a partir de las 13:00 horas el d\u00eda de llegada y deber\u00e1 quedar libre a las 11:00 horas el d\u00eda de salida.<\/p>\n<h4 style=\"padding-left: 40px;\">Reservas por tel\u00e9fono o WhatsApp<\/h4>\n<p style=\"padding-left: 40px;\">Hacer una reserva no podr\u00eda ser m\u00e1s f\u00e1cil. Ll\u00e1menos o escriba un WhatsApp al 910123566 o por whatsapp 628 62 86 32 en horario de 11 a 21 horas.<br \/>Consultas e informaci\u00f3n adicional<br \/>Podr\u00e1 realizar cualquier consulta o informaci\u00f3n tambi\u00e9n a trav\u00e9s de nuestra p\u00e1gina web. Utilice nuestro\u00a0formulario de contacto\u00a0y haga su consulta o reserva ahora mismo<\/p>\n<p style=\"padding-left: 40px;\">AVISO IMPORTANTE:<\/p>\n<ul>\n<li style=\"list-style-type: none;\">\n<ul>\n<li>Reservas para desdepedidas DE SOLTER@ o FIESTAS SIMILARES , deber\u00e1n realizar un deposito previo para cubrir posible da\u00f1os.<\/li>\n<li>Este establecimiento no admite mascotas.<\/li>\n<li>No se permite acceder al establecimiento a personas que no sean huespedes y\/o superen la capacidad de la reserva realizada.\u00a0<\/li>\n<\/ul>\n<\/li>\n<\/ul>\n<h3>Resoluci\u00f3n de Litigios.<\/h3>\n<p>Resoluci\u00f3n de litigios en l\u00ednea en materia de consumo conforme al Art. 14.1 del Reglamento (UE) 524\/2013: La Comisi\u00f3n Europea facilita una plataforma de resoluci\u00f3n de litigios en l\u00ednea que se encuentra disponible en el siguiente enlace: <a href=\"http:\/\/ec.europa.eu\/consumers\/odr\/\" target=\"_blank\" rel=\"noopener\">http:\/\/ec.europa.eu\/consumers\/odr\/<\/a><\/p>\n<p>&nbsp;<\/p>\n<p>[\/et_pb_text][\/et_pb_column][\/et_pb_row][\/et_pb_section]<\/p>\n","protected":false},"excerpt":{"rendered":"<p>CONDICIONES GENERALES DE CONTRATACION \u00a0 https:\/\/casaruralpraderas.es (en adelante, la Web) es un sitio web propiedad de\u00a0 Identidad: EVENTOS MONASTERIO LA REAL, SLCIF\/NIF Titular:\u00a0B86691789Delegado\/Contacto DPD:\u00a0EVENTOS MONASTERIO LA REAL, SLTel\u00e9fono de contacto: 910 123 566Direcci\u00f3n: Tr.\u00aa de las Praderas, 8Poblaci\u00f3n: 28680 | San Mart\u00edn de Valdeiglesias MadridProvincia: MADRIDCorreo electr\u00f3nico: praderaspelayos@gmail.com El acceso, reproducci\u00f3n y uso de los [&hellip;]<\/p>\n","protected":false},"author":4,"featured_media":0,"parent":0,"menu_order":0,"comment_status":"closed","ping_status":"closed","template":"page-template-blank.php","meta":{"_et_pb_use_builder":"on","_et_pb_old_content":"","_et_gb_content_width":"","_joinchat":[],"footnotes":""},"dipi_cpt_category":[],"class_list":["post-382","page","type-page","status-publish","hentry"],"_links":{"self":[{"href":"https:\/\/casaruralpraderas.es\/en\/wp-json\/wp\/v2\/pages\/382","targetHints":{"allow":["GET"]}}],"collection":[{"href":"https:\/\/casaruralpraderas.es\/en\/wp-json\/wp\/v2\/pages"}],"about":[{"href":"https:\/\/casaruralpraderas.es\/en\/wp-json\/wp\/v2\/types\/page"}],"author":[{"embeddable":true,"href":"https:\/\/casaruralpraderas.es\/en\/wp-json\/wp\/v2\/users\/4"}],"replies":[{"embeddable":true,"href":"https:\/\/casaruralpraderas.es\/en\/wp-json\/wp\/v2\/comments?post=382"}],"version-history":[{"count":9,"href":"https:\/\/casaruralpraderas.es\/en\/wp-json\/wp\/v2\/pages\/382\/revisions"}],"predecessor-version":[{"id":1645,"href":"https:\/\/casaruralpraderas.es\/en\/wp-json\/wp\/v2\/pages\/382\/revisions\/1645"}],"wp:attachment":[{"href":"https:\/\/casaruralpraderas.es\/en\/wp-json\/wp\/v2\/media?parent=382"}],"wp:term":[{"taxonomy":"dipi_cpt_category","embeddable":true,"href":"https:\/\/casaruralpraderas.es\/en\/wp-json\/wp\/v2\/dipi_cpt_category?post=382"}],"curies":[{"name":"wp","href":"https:\/\/api.w.org\/{rel}","templated":true}]}}